{"id":370,"date":"2021-12-22T09:59:46","date_gmt":"2021-12-22T08:59:46","guid":{"rendered":"http:\/\/clusterkef.creativetunisia.tn\/?page_id=370"},"modified":"2021-12-22T10:06:08","modified_gmt":"2021-12-22T09:06:08","slug":"a-propos","status":"publish","type":"page","link":"https:\/\/clusterkef.creativetunisia.tn\/index.php\/a-propos\/","title":{"rendered":"A-propos"},"content":{"rendered":"\t\t<div data-elementor-type=\"wp-page\" data-elementor-id=\"370\" class=\"elementor elementor-370\" data-elementor-settings=\"[]\">\n\t\t\t\t\t\t<div class=\"elementor-inner\">\n\t\t\t\t\t\t\t<div class=\"elementor-section-wrap\">\n\t\t\t\t\t\t\t<section class=\"elementor-section elementor-top-section elementor-element elementor-element-308d860f elementor-section-content-middle elementor-reverse-tablet elementor-reverse-mobile elementor-section-boxed elementor-section-height-default elementor-section-height-default\" data-id=\"308d860f\" data-element_type=\"section\">\n\t\t\t\t\t\t<div class=\"elementor-container elementor-column-gap-default\">\n\t\t\t\t\t\t\t<div class=\"elementor-row\">\n\t\t\t\t\t<div class=\"aux-parallax-section elementor-column elementor-col-50 elementor-top-column elementor-element elementor-element-1c4534cc\" data-id=\"1c4534cc\" data-element_type=\"column\">\n\t\t\t<div class=\"elementor-column-wrap elementor-element-populated\">\n\t\t\t\t\t\t\t<div class=\"elementor-widget-wrap\">\n\t\t\t\t\t\t<div class=\"elementor-element elementor-element-58ca12cc aux-appear-watch-animation aux-fade-in-up-1 elementor-widget elementor-widget-aux_modern_heading\" data-id=\"58ca12cc\" data-element_type=\"widget\" data-widget_type=\"aux_modern_heading.default\">\n\t\t\t\t<div class=\"elementor-widget-container\">\n\t\t\t<section class=\"aux-widget-modern-heading\">\n            <div class=\"aux-widget-inner\"><h2 class=\"aux-modern-heading-primary\">CLUSTER  El Kef<\/h2><h3 class=\"aux-modern-heading-secondary\"><span class=\"aux-head-before\">Klim Keffois<\/span><\/h3><\/div>\n        <\/section>\t\t<\/div>\n\t\t\t\t<\/div>\n\t\t\t\t<div class=\"elementor-element elementor-element-6bae7ad0 elementor-widget elementor-widget-text-editor\" data-id=\"6bae7ad0\" data-element_type=\"widget\" data-widget_type=\"text-editor.default\">\n\t\t\t\t<div class=\"elementor-widget-container\">\n\t\t\t\t\t\t\t\t<div class=\"elementor-text-editor elementor-clearfix\">\n\t\t\t\t<p>Joyau de la Tunisie encore parfois trop m\u00e9connu, le Kef jouit d\u2019une richesse artisanale d\u2019exception. Un savoir-faire ancestral du tissage du klim que les artisanes de ce rocher du nord-ouest de la Tunisie transmettent de g\u00e9n\u00e9ration en g\u00e9n\u00e9ration. Tissant de leurs mains jour apr\u00e8s jour ces tapis aux couleurs flamboyantes, elles sont aujourd\u2019hui les nouvelles ambassadrices de l\u2019artisanat tunisien.<\/p><p>Cette concentration de talents que l\u2019on appelle \u00e9galement cluster est aujourd\u2019hui la promesse d\u2019une v\u00e9ritable croissance \u00e9conomique dans la r\u00e9gion, gr\u00e2ce \u00e0 l\u2019appui du projet Creative Tunisia en \u00e9troite collaboration avec l\u2019Office National de l\u2019Artisanat.<br \/>Le cluster intervient sur des axes strat\u00e9giques \u00e0 travers le renforcement des partenariats public-priv\u00e9, l\u2019int\u00e9gration des sortants des universit\u00e9s dans le milieu professionnel artisanal, la structuration de la cha\u00eene de valeurs par le biais de la cr\u00e9ation de nouveaux ateliers de production et la mise \u00e0 niveau des entreprises existantes.<br \/>Des actions group\u00e9es et individuelles de renforcement des capacit\u00e9s des membres du cluster, de d\u00e9veloppement de march\u00e9s national et internationaux, de modernisation des \u00e9quipements, ainsi que le d\u00e9veloppement de nouvelles niches \u00e0 travers la diversification des produits sont mises ainsi en place tout au long de la p\u00e9riode du projet. Cette opportunit\u00e9 privil\u00e9gi\u00e9e permet \u00e9galement de soutenir l\u2019\u00e9conomie de la r\u00e9gion dans la cr\u00e9ation d\u2019emplois d\u00e9cents et durables, surtout pour les femmes et les jeunes.<\/p><h3>Le projet Creative Tunisia<\/h3><p>Le projet Creative Tunisia est financ\u00e9 par l\u2019Union europ\u00e9enne avec une contribution financi\u00e8re de l\u2019Agence Italienne pour la Coop\u00e9ration au D\u00e9veloppement et mis en \u0153uvre par l\u2019Organisation des Nations Unies pour le D\u00e9veloppement Industriel (ONUDI). Il a pour objectif d\u2019am\u00e9liorer la comp\u00e9titivit\u00e9 du secteur de l\u2019artisanat par le d\u00e9veloppement de la qualit\u00e9 et l\u2019acc\u00e8s aux march\u00e9s. Le projet Creative Tunisia repr\u00e9sente le volet d\u00e9veloppement de l\u203aartisanat d&#8217;un programme plus vaste visant \u00e0 soutenir la diversification du tourisme intitul\u00e9 \u00abTounes Wijhetouna\u00bb et financ\u00e9 par l\u2019Union europ\u00e9enne.<\/p><p>Le projet soutient 7 clusters s\u00e9lectionn\u00e9s et fournira aussi une assistance technique aux structures d\u2019accompagnement, \u00e0 d\u2019autres r\u00e9alit\u00e9s \u00e9conomiques et associations dans le domaine de l\u2019artisanat et du design et mettra en place des centres de services destin\u00e9s \u00e0 am\u00e9liorer la comp\u00e9titivit\u00e9 du secteur \u00e0 travers le pays. Cette approche holistique et int\u00e9gr\u00e9e constitue une opportunit\u00e9 privil\u00e9gi\u00e9e de soutenir l\u2019\u00e9conomie tunisienne dans la cr\u00e9ation d\u2019emplois d\u00e9cents et durables, surtout pour les jeunes et les femmes. Le projet permettra \u00e9galement d\u2019assurer une forte appropriation par les autorit\u00e9s nationales afin d\u2019int\u00e9grer la promotion des clusters et des liens d\u2019affaires dans le cadre du d\u00e9veloppement du secteur priv\u00e9 national. Il est pr\u00e9vu que le partenariat public-priv\u00e9 sera renforc\u00e9 au moyen d\u2019un dialogue plus intense entre les autorit\u00e9s publiques et les entrepreneurs.<\/p>\t\t\t\t\t<\/div>\n\t\t\t\t\t\t<\/div>\n\t\t\t\t<\/div>\n\t\t\t\t\t\t<\/div>\n\t\t\t\t\t<\/div>\n\t\t<\/div>\n\t\t\t\t<div class=\"aux-parallax-section elementor-column elementor-col-50 elementor-top-column elementor-element elementor-element-73629072\" data-id=\"73629072\" data-element_type=\"column\">\n\t\t\t<div class=\"elementor-column-wrap elementor-element-populated\">\n\t\t\t\t\t\t\t<div class=\"elementor-widget-wrap\">\n\t\t\t\t\t\t<div class=\"elementor-element elementor-element-727f0e01 aux-appear-watch-animation aux-scale-up-1 elementor-widget elementor-widget-aux_image\" data-id=\"727f0e01\" data-element_type=\"widget\" data-widget_type=\"aux_image.default\">\n\t\t\t\t<div class=\"elementor-widget-container\">\n\t\t\t<section class=\"widget-container aux-widget-image aux-alignnone aux-parent-auc4cc26d6\" style=\"\" >\n    <div class=\"aux-media-hint-frame \">\n        <div class=\"aux-media-image \" >\n        \n            \n\n            \n            <img loading=\"lazy\" width=\"942\" height=\"1185\" src=\"data:image\/gif;base64,R0lGODlhAQABAIAAAAAAAP\/\/\/yH5BAEAAAAALAAAAAABAAEAAAIBRAA7\" class=\"aux-attachment aux-featured-image aux-attachment-id-375 aux-preload aux-blank\" alt=\"klim-elkef\" data-ratio=\"0.79\" data-original-w=\"942\" data-src=\"https:\/\/clusterkef.creativetunisia.tn\/wp-content\/uploads\/2021\/12\/klim-elkef.jpg\" \/>            \n                <\/div>\n    <\/div>\n\n<\/section><!-- widget-container -->\t\t<\/div>\n\t\t\t\t<\/div>\n\t\t\t\t\t\t<\/div>\n\t\t\t\t\t<\/div>\n\t\t<\/div>\n\t\t\t\t\t\t\t\t<\/div>\n\t\t\t\t\t<\/div>\n\t\t<\/section>\n\t\t\t\t\t\t<\/div>\n\t\t\t\t\t\t<\/div>\n\t\t\t\t\t<\/div>\n\t\t","protected":false},"excerpt":{"rendered":"<p>CLUSTER El Kef Klim Keffois Joyau de la Tunisie encore parfois trop m\u00e9connu, le Kef jouit d\u2019une richesse artisanale d\u2019exception. Un savoir-faire ancestral du tissage du klim que les artisanes de ce rocher du nord-ouest de la Tunisie transmettent de g\u00e9n\u00e9ration en g\u00e9n\u00e9ration. Tissant de leurs mains jour apr\u00e8s jour ces tapis aux couleurs flamboyantes, [&hellip;]<\/p>\n","protected":false},"author":1,"featured_media":0,"parent":0,"menu_order":0,"comment_status":"closed","ping_status":"closed","template":"","meta":[],"_links":{"self":[{"href":"https:\/\/clusterkef.creativetunisia.tn\/index.php\/wp-json\/wp\/v2\/pages\/370"}],"collection":[{"href":"https:\/\/clusterkef.creativetunisia.tn\/index.php\/wp-json\/wp\/v2\/pages"}],"about":[{"href":"https:\/\/clusterkef.creativetunisia.tn\/index.php\/wp-json\/wp\/v2\/types\/page"}],"author":[{"embeddable":true,"href":"https:\/\/clusterkef.creativetunisia.tn\/index.php\/wp-json\/wp\/v2\/users\/1"}],"replies":[{"embeddable":true,"href":"https:\/\/clusterkef.creativetunisia.tn\/index.php\/wp-json\/wp\/v2\/comments?post=370"}],"version-history":[{"count":7,"href":"https:\/\/clusterkef.creativetunisia.tn\/index.php\/wp-json\/wp\/v2\/pages\/370\/revisions"}],"predecessor-version":[{"id":378,"href":"https:\/\/clusterkef.creativetunisia.tn\/index.php\/wp-json\/wp\/v2\/pages\/370\/revisions\/378"}],"wp:attachment":[{"href":"https:\/\/clusterkef.creativetunisia.tn\/index.php\/wp-json\/wp\/v2\/media?parent=370"}],"curies":[{"name":"wp","href":"https:\/\/api.w.org\/{rel}","templated":true}]}}