{"id":547,"date":"2022-01-21T09:29:50","date_gmt":"2022-01-21T08:29:50","guid":{"rendered":"http:\/\/clusterkef.creativetunisia.tn\/?page_id=547"},"modified":"2022-01-21T09:52:28","modified_gmt":"2022-01-21T08:52:28","slug":"designers","status":"publish","type":"page","link":"https:\/\/clusterkef.creativetunisia.tn\/index.php\/designers\/","title":{"rendered":"Designers"},"content":{"rendered":"\t\t<div data-elementor-type=\"wp-page\" data-elementor-id=\"547\" class=\"elementor elementor-547\" data-elementor-settings=\"[]\">\n\t\t\t\t\t\t<div class=\"elementor-inner\">\n\t\t\t\t\t\t\t<div class=\"elementor-section-wrap\">\n\t\t\t\t\t\t\t<section class=\"elementor-section elementor-top-section elementor-element elementor-element-3fb7357f elementor-section-boxed elementor-section-height-default elementor-section-height-default\" data-id=\"3fb7357f\" data-element_type=\"section\">\n\t\t\t\t\t\t<div class=\"elementor-container elementor-column-gap-default\">\n\t\t\t\t\t\t\t<div class=\"elementor-row\">\n\t\t\t\t\t<div class=\"aux-parallax-section elementor-column elementor-col-100 elementor-top-column elementor-element elementor-element-255665d7\" data-id=\"255665d7\" data-element_type=\"column\">\n\t\t\t<div class=\"elementor-column-wrap elementor-element-populated\">\n\t\t\t\t\t\t\t<div class=\"elementor-widget-wrap\">\n\t\t\t\t\t\t<div class=\"elementor-element elementor-element-367da367 aux-appear-watch-animation aux-fade-in-up-1 elementor-widget elementor-widget-aux_modern_heading\" data-id=\"367da367\" data-element_type=\"widget\" data-widget_type=\"aux_modern_heading.default\">\n\t\t\t\t<div class=\"elementor-widget-container\">\n\t\t\t<section class=\"aux-widget-modern-heading\">\n            <div class=\"aux-widget-inner\"><h2 class=\"aux-modern-heading-primary\"><\/h2><h3 class=\"aux-modern-heading-secondary\"><span class=\"aux-head-before\">NOS DESIGNERS<\/span><\/h3><\/div>\n        <\/section>\t\t<\/div>\n\t\t\t\t<\/div>\n\t\t\t\t\t\t<\/div>\n\t\t\t\t\t<\/div>\n\t\t<\/div>\n\t\t\t\t\t\t\t\t<\/div>\n\t\t\t\t\t<\/div>\n\t\t<\/section>\n\t\t\t\t<section class=\"elementor-section elementor-top-section elementor-element elementor-element-30e124a elementor-section-boxed elementor-section-height-default elementor-section-height-default\" data-id=\"30e124a\" data-element_type=\"section\">\n\t\t\t\t\t\t<div class=\"elementor-container elementor-column-gap-default\">\n\t\t\t\t\t\t\t<div class=\"elementor-row\">\n\t\t\t\t\t<div class=\"aux-parallax-section elementor-column elementor-col-100 elementor-top-column elementor-element elementor-element-cbb9eba\" data-id=\"cbb9eba\" data-element_type=\"column\">\n\t\t\t<div class=\"elementor-column-wrap elementor-element-populated\">\n\t\t\t\t\t\t\t<div class=\"elementor-widget-wrap\">\n\t\t\t\t\t\t<section class=\"elementor-section elementor-inner-section elementor-element elementor-element-39014a8 elementor-section-boxed elementor-section-height-default elementor-section-height-default\" data-id=\"39014a8\" data-element_type=\"section\">\n\t\t\t\t\t\t<div class=\"elementor-container elementor-column-gap-default\">\n\t\t\t\t\t\t\t<div class=\"elementor-row\">\n\t\t\t\t\t<div class=\"aux-parallax-section elementor-column elementor-col-50 elementor-inner-column elementor-element elementor-element-3b84cb6\" data-id=\"3b84cb6\" data-element_type=\"column\">\n\t\t\t<div class=\"elementor-column-wrap elementor-element-populated\">\n\t\t\t\t\t\t\t<div class=\"elementor-widget-wrap\">\n\t\t\t\t\t\t<div class=\"elementor-element elementor-element-b6b5eb6 aux-appear-watch-animation aux-fade-in-right-1 elementor-widget elementor-widget-aux_staff\" data-id=\"b6b5eb6\" data-element_type=\"widget\" data-widget_type=\"aux_staff.default\">\n\t\t\t\t<div class=\"elementor-widget-container\">\n\t\t\t<section class=\"aux-wrap-style-simple widget-container aux-widget-staff aux-parent-au30539849\" style=\"\" >    <div class=\"aux-staff-container aux-staff-pos-left aux-staff-text-center aux-staff-text-dark \" >\n            <div class=\"aux-staff-header aux-staff-img-rect\">\n            <div class=\"aux-media-image\"><img loading=\"lazy\" width=\"260\" height=\"296\" src=\"data:image\/gif;base64,R0lGODlhAQABAIAAAAAAAP\/\/\/yH5BAEAAAAALAAAAAABAAEAAAIBRAA7\" class=\" aux-preload aux-blank\" alt=\"mona-mnsasser\" data-ratio=\"0.88\" data-original-w=\"382\" sizes=\"auto\" data-srcset=\"https:\/\/clusterkef.creativetunisia.tn\/wp-content\/uploads\/2022\/01\/mona-mnsasser-150x171.jpg 150w,https:\/\/clusterkef.creativetunisia.tn\/wp-content\/uploads\/2022\/01\/mona-mnsasser-300x342.jpg 300w,https:\/\/clusterkef.creativetunisia.tn\/wp-content\/uploads\/2022\/01\/mona-mnsasser.jpg 260w\" data-src=\"https:\/\/clusterkef.creativetunisia.tn\/wp-content\/uploads\/2022\/01\/mona-mnsasser.jpg\" \/><\/div>        <\/div>\n            <div class=\"aux-staff-content\">\n                        <h4 class=\"col-title\"><a href=\"http:\/\/clusterkef.creativetunisia.tn\/index.php\/mona-mnassar\/\">\n            Mona M\u2019nassar<\/a>\n            <\/h4>\n                        <h5 class=\"col-subtitle\">DESIGNER<\/h5>\n                        <div class=\"entry-content\">\n                                C\u00e9ramiste par passion, apr\u00e8s des \u00e9tudes d\u2019arts et de design, Mona M\u2019Nassar a install\u00e9 son propre atelier ...            <\/div>\n                    <\/div>\n\n    <\/div>\n\n\n<\/section><!-- widget-container -->\t\t<\/div>\n\t\t\t\t<\/div>\n\t\t\t\t<div class=\"elementor-element elementor-element-7739aff aux-appear-watch-animation aux-fade-in-right-1 elementor-widget elementor-widget-aux_staff\" data-id=\"7739aff\" data-element_type=\"widget\" data-widget_type=\"aux_staff.default\">\n\t\t\t\t<div class=\"elementor-widget-container\">\n\t\t\t<section class=\"aux-wrap-style-simple widget-container aux-widget-staff aux-parent-aub5a5f9f6\" style=\"\" >    <div class=\"aux-staff-container aux-staff-pos-left aux-staff-text-center aux-staff-text-dark \" >\n            <div class=\"aux-staff-header aux-staff-img-rect\">\n            <div class=\"aux-media-image\"><img loading=\"lazy\" width=\"260\" height=\"296\" src=\"data:image\/gif;base64,R0lGODlhAQABAIAAAAAAAP\/\/\/yH5BAEAAAAALAAAAAABAAEAAAIBRAA7\" class=\" aux-preload aux-blank\" alt=\"Sofiene-Fantar\" data-ratio=\"0.88\" data-original-w=\"382\" sizes=\"auto\" data-srcset=\"https:\/\/clusterkef.creativetunisia.tn\/wp-content\/uploads\/2022\/01\/Sofiene-Fantar-150x171.jpg 150w,https:\/\/clusterkef.creativetunisia.tn\/wp-content\/uploads\/2022\/01\/Sofiene-Fantar-300x342.jpg 300w,https:\/\/clusterkef.creativetunisia.tn\/wp-content\/uploads\/2022\/01\/Sofiene-Fantar.jpg 260w\" data-src=\"https:\/\/clusterkef.creativetunisia.tn\/wp-content\/uploads\/2022\/01\/Sofiene-Fantar.jpg\" \/><\/div>        <\/div>\n            <div class=\"aux-staff-content\">\n                        <h4 class=\"col-title\"><a href=\"http:\/\/clusterkef.creativetunisia.tn\/index.php\/sofiene-fantar\/\">\n            Sofiene Fantar<\/a>\n            <\/h4>\n                        <h5 class=\"col-subtitle\">DESIGNER<\/h5>\n                        <div class=\"entry-content\">\n                                Designer produit, sp\u00e9cialis\u00e9 dans le design textile et accessoires depuis une quinzaine d\u2019ann\u00e9es ; fondateur de ...            <\/div>\n                    <\/div>\n\n    <\/div>\n\n\n<\/section><!-- widget-container -->\t\t<\/div>\n\t\t\t\t<\/div>\n\t\t\t\t\t\t<\/div>\n\t\t\t\t\t<\/div>\n\t\t<\/div>\n\t\t\t\t<div class=\"aux-parallax-section elementor-column elementor-col-50 elementor-inner-column elementor-element elementor-element-aa18a2d\" data-id=\"aa18a2d\" data-element_type=\"column\">\n\t\t\t<div class=\"elementor-column-wrap elementor-element-populated\">\n\t\t\t\t\t\t\t<div class=\"elementor-widget-wrap\">\n\t\t\t\t\t\t<div class=\"elementor-element elementor-element-f5c61e5 aux-appear-watch-animation aux-fade-in-right-1 elementor-widget elementor-widget-aux_staff\" data-id=\"f5c61e5\" data-element_type=\"widget\" data-widget_type=\"aux_staff.default\">\n\t\t\t\t<div class=\"elementor-widget-container\">\n\t\t\t<section class=\"aux-wrap-style-simple widget-container aux-widget-staff aux-parent-au2daa335e\" style=\"\" >    <div class=\"aux-staff-container aux-staff-pos-left aux-staff-text-center aux-staff-text-dark \" >\n            <div class=\"aux-staff-header aux-staff-img-rect\">\n            <div class=\"aux-media-image\"><img loading=\"lazy\" width=\"260\" height=\"296\" src=\"data:image\/gif;base64,R0lGODlhAQABAIAAAAAAAP\/\/\/yH5BAEAAAAALAAAAAABAAEAAAIBRAA7\" class=\" aux-preload aux-blank\" alt=\"Marouan Zbidi\" data-ratio=\"0.88\" data-original-w=\"382\" sizes=\"auto\" data-srcset=\"https:\/\/clusterkef.creativetunisia.tn\/wp-content\/uploads\/2022\/01\/Marouan-Zbidi-150x171.jpg 150w,https:\/\/clusterkef.creativetunisia.tn\/wp-content\/uploads\/2022\/01\/Marouan-Zbidi-300x342.jpg 300w,https:\/\/clusterkef.creativetunisia.tn\/wp-content\/uploads\/2022\/01\/Marouan-Zbidi.jpg 260w\" data-src=\"https:\/\/clusterkef.creativetunisia.tn\/wp-content\/uploads\/2022\/01\/Marouan-Zbidi.jpg\" \/><\/div>        <\/div>\n            <div class=\"aux-staff-content\">\n                        <h4 class=\"col-title\"><a href=\"http:\/\/clusterkef.creativetunisia.tn\/index.php\/marouan-zbidi\/\">\n            Marouan Zbidi<\/a>\n            <\/h4>\n                        <h5 class=\"col-subtitle\">DESIGNER<\/h5>\n                        <div class=\"entry-content\">\n                                Architecte, fondateur de l\u2019agence de design et de branding \u00ab NOKTA \u00bb install\u00e9e \u00e0 la ...            <\/div>\n                    <\/div>\n\n    <\/div>\n\n\n<\/section><!-- widget-container -->\t\t<\/div>\n\t\t\t\t<\/div>\n\t\t\t\t<div class=\"elementor-element elementor-element-27743ef aux-appear-watch-animation aux-fade-in-right-1 elementor-widget elementor-widget-aux_staff\" data-id=\"27743ef\" data-element_type=\"widget\" data-widget_type=\"aux_staff.default\">\n\t\t\t\t<div class=\"elementor-widget-container\">\n\t\t\t<section class=\"aux-wrap-style-simple widget-container aux-widget-staff aux-parent-au5ee0e3b8\" style=\"\" >    <div class=\"aux-staff-container aux-staff-pos-left aux-staff-text-center aux-staff-text-dark \" >\n            <div class=\"aux-staff-header aux-staff-img-rect\">\n            <div class=\"aux-media-image\"><img loading=\"lazy\" width=\"260\" height=\"296\" src=\"data:image\/gif;base64,R0lGODlhAQABAIAAAAAAAP\/\/\/yH5BAEAAAAALAAAAAABAAEAAAIBRAA7\" class=\" aux-preload aux-blank\" alt=\"Emmanuelle\" data-ratio=\"0.88\" data-original-w=\"382\" sizes=\"auto\" data-srcset=\"https:\/\/clusterkef.creativetunisia.tn\/wp-content\/uploads\/2022\/01\/Emmanuelle-150x171.jpg 150w,https:\/\/clusterkef.creativetunisia.tn\/wp-content\/uploads\/2022\/01\/Emmanuelle-300x342.jpg 300w,https:\/\/clusterkef.creativetunisia.tn\/wp-content\/uploads\/2022\/01\/Emmanuelle.jpg 260w\" data-src=\"https:\/\/clusterkef.creativetunisia.tn\/wp-content\/uploads\/2022\/01\/Emmanuelle.jpg\" \/><\/div>        <\/div>\n            <div class=\"aux-staff-content\">\n                        <h4 class=\"col-title\"><a href=\"http:\/\/clusterkef.creativetunisia.tn\/index.php\/emmanuelle-poncin-savignat\/\">\n            Emmanuelle Savignat<\/a>\n            <\/h4>\n                        <h5 class=\"col-subtitle\">DESIGNER<\/h5>\n                        <div class=\"entry-content\">\n                                Designer pour l\u2019univers de la maison, elle travaille depuis 30 ans \u00e0 la r\u00e9alisation de collections pour ...            <\/div>\n                    <\/div>\n\n    <\/div>\n\n\n<\/section><!-- widget-container -->\t\t<\/div>\n\t\t\t\t<\/div>\n\t\t\t\t\t\t<\/div>\n\t\t\t\t\t<\/div>\n\t\t<\/div>\n\t\t\t\t\t\t\t\t<\/div>\n\t\t\t\t\t<\/div>\n\t\t<\/section>\n\t\t\t\t\t\t<\/div>\n\t\t\t\t\t<\/div>\n\t\t<\/div>\n\t\t\t\t\t\t\t\t<\/div>\n\t\t\t\t\t<\/div>\n\t\t<\/section>\n\t\t\t\t\t\t<\/div>\n\t\t\t\t\t\t<\/div>\n\t\t\t\t\t<\/div>\n\t\t","protected":false},"excerpt":{"rendered":"<p>NOS DESIGNERS Mona M\u2019nassar DESIGNER C\u00e9ramiste par passion, apr\u00e8s des \u00e9tudes d\u2019arts et de design, Mona M\u2019Nassar a install\u00e9 son propre atelier &#8230; Sofiene Fantar DESIGNER Designer produit, sp\u00e9cialis\u00e9 dans le design textile et accessoires depuis une quinzaine d\u2019ann\u00e9es ; fondateur de &#8230; Marouan Zbidi DESIGNER Architecte, fondateur de l\u2019agence de design et de branding [&hellip;]<\/p>\n","protected":false},"author":1,"featured_media":0,"parent":0,"menu_order":0,"comment_status":"closed","ping_status":"closed","template":"templates\/page-builder-content.php","meta":[],"_links":{"self":[{"href":"https:\/\/clusterkef.creativetunisia.tn\/index.php\/wp-json\/wp\/v2\/pages\/547"}],"collection":[{"href":"https:\/\/clusterkef.creativetunisia.tn\/index.php\/wp-json\/wp\/v2\/pages"}],"about":[{"href":"https:\/\/clusterkef.creativetunisia.tn\/index.php\/wp-json\/wp\/v2\/types\/page"}],"author":[{"embeddable":true,"href":"https:\/\/clusterkef.creativetunisia.tn\/index.php\/wp-json\/wp\/v2\/users\/1"}],"replies":[{"embeddable":true,"href":"https:\/\/clusterkef.creativetunisia.tn\/index.php\/wp-json\/wp\/v2\/comments?post=547"}],"version-history":[{"count":7,"href":"https:\/\/clusterkef.creativetunisia.tn\/index.php\/wp-json\/wp\/v2\/pages\/547\/revisions"}],"predecessor-version":[{"id":592,"href":"https:\/\/clusterkef.creativetunisia.tn\/index.php\/wp-json\/wp\/v2\/pages\/547\/revisions\/592"}],"wp:attachment":[{"href":"https:\/\/clusterkef.creativetunisia.tn\/index.php\/wp-json\/wp\/v2\/media?parent=547"}],"curies":[{"name":"wp","href":"https:\/\/api.w.org\/{rel}","templated":true}]}}