{"id":677,"date":"2022-01-25T09:34:49","date_gmt":"2022-01-25T08:34:49","guid":{"rendered":"http:\/\/clusterkef.creativetunisia.tn\/?page_id=677"},"modified":"2022-01-25T09:44:54","modified_gmt":"2022-01-25T08:44:54","slug":"saidi-kilim","status":"publish","type":"page","link":"https:\/\/clusterkef.creativetunisia.tn\/index.php\/saidi-kilim\/","title":{"rendered":"Saidi Kilim"},"content":{"rendered":"\t\t<div data-elementor-type=\"wp-page\" data-elementor-id=\"677\" class=\"elementor elementor-677\" data-elementor-settings=\"[]\">\n\t\t\t\t\t\t<div class=\"elementor-inner\">\n\t\t\t\t\t\t\t<div class=\"elementor-section-wrap\">\n\t\t\t\t\t\t\t<section class=\"elementor-section elementor-top-section elementor-element elementor-element-4843c206 elementor-section-content-middle elementor-section-boxed elementor-section-height-default elementor-section-height-default\" data-id=\"4843c206\" data-element_type=\"section\">\n\t\t\t\t\t\t<div class=\"elementor-container elementor-column-gap-default\">\n\t\t\t\t\t\t\t<div class=\"elementor-row\">\n\t\t\t\t\t<div class=\"aux-parallax-section elementor-column elementor-col-50 elementor-top-column elementor-element elementor-element-62c0feea\" data-id=\"62c0feea\" data-element_type=\"column\">\n\t\t\t<div class=\"elementor-column-wrap elementor-element-populated\">\n\t\t\t\t\t\t\t<div class=\"elementor-widget-wrap\">\n\t\t\t\t\t\t<div class=\"elementor-element elementor-element-62b1514f aux-appear-watch-animation aux-fade-in elementor-widget elementor-widget-aux_image\" data-id=\"62b1514f\" data-element_type=\"widget\" data-widget_type=\"aux_image.default\">\n\t\t\t\t<div class=\"elementor-widget-container\">\n\t\t\t<section class=\"widget-container aux-widget-image aux-alignnone aux-parent-aub9ef9ccd\" style=\"\" >\n    <div class=\"aux-media-hint-frame \">\n        <div class=\"aux-media-image  aux-tilt-box\" >\n        \n            \n\n            \n            <img loading=\"lazy\" width=\"400\" height=\"529\" src=\"https:\/\/clusterkef.creativetunisia.tn\/wp-content\/uploads\/2022\/01\/saida-klim-portrait.jpg\" class=\"aux-attachment aux-featured-image aux-attachment-id-680\" alt=\"saida-klim-portrait\" srcset=\"https:\/\/clusterkef.creativetunisia.tn\/wp-content\/uploads\/2022\/01\/saida-klim-portrait-150x232.jpg 150w,https:\/\/clusterkef.creativetunisia.tn\/wp-content\/uploads\/2022\/01\/saida-klim-portrait-300x464.jpg 300w,https:\/\/clusterkef.creativetunisia.tn\/wp-content\/uploads\/2022\/01\/saida-klim-portrait.jpg 400w\" data-ratio=\"0.65\" data-original-w=\"400\" sizes=\"(max-width:479px) 480px,(max-width:767px) 768px,(max-width:1023px) 1024px,400px\" \/>            \n                <\/div>\n    <\/div>\n\n<\/section><!-- widget-container -->\t\t<\/div>\n\t\t\t\t<\/div>\n\t\t\t\t<div class=\"elementor-element elementor-element-1717e352 aux-appear-watch-animation aux-fade-in elementor-widget elementor-widget-aux_modern_heading\" data-id=\"1717e352\" data-element_type=\"widget\" data-widget_type=\"aux_modern_heading.default\">\n\t\t\t\t<div class=\"elementor-widget-container\">\n\t\t\t<section class=\"aux-widget-modern-heading\">\n            <div class=\"aux-widget-inner\"><h2 class=\"aux-modern-heading-primary\">Warda Saidi <\/h2><\/div>\n        <\/section>\t\t<\/div>\n\t\t\t\t<\/div>\n\t\t\t\t\t\t<\/div>\n\t\t\t\t\t<\/div>\n\t\t<\/div>\n\t\t\t\t<div class=\"aux-parallax-section elementor-column elementor-col-50 elementor-top-column elementor-element elementor-element-7d467e62\" data-id=\"7d467e62\" data-element_type=\"column\">\n\t\t\t<div class=\"elementor-column-wrap elementor-element-populated\">\n\t\t\t\t\t\t\t<div class=\"elementor-widget-wrap\">\n\t\t\t\t\t\t<div class=\"elementor-element elementor-element-17dd6120 aux-appear-watch-animation aux-fade-in elementor-widget elementor-widget-aux_modern_heading\" data-id=\"17dd6120\" data-element_type=\"widget\" data-widget_type=\"aux_modern_heading.default\">\n\t\t\t\t<div class=\"elementor-widget-container\">\n\t\t\t<section class=\"aux-widget-modern-heading\">\n            <div class=\"aux-widget-inner\"><h2 class=\"aux-modern-heading-primary\">Saidi Kilim<\/h2><h3 class=\"aux-modern-heading-secondary\"><span class=\"aux-head-before\">Klim Keffois<\/span><\/h3><\/div>\n        <\/section>\t\t<\/div>\n\t\t\t\t<\/div>\n\t\t\t\t<div class=\"elementor-element elementor-element-78111cc3 elementor-icon-list--layout-inline elementor-align-left aux-appear-watch-animation aux-fade-in elementor-list-item-link-full_width elementor-widget elementor-widget-icon-list\" data-id=\"78111cc3\" data-element_type=\"widget\" data-widget_type=\"icon-list.default\">\n\t\t\t\t<div class=\"elementor-widget-container\">\n\t\t\t\t\t<ul class=\"elementor-icon-list-items elementor-inline-items\">\n\t\t\t\t\t\t\t<li class=\"elementor-icon-list-item elementor-inline-item\">\n\t\t\t\t\t\t\t\t\t\t\t<span class=\"elementor-icon-list-icon\">\n\t\t\t\t\t\t\t<i aria-hidden=\"true\" class=\"auxicon auxicon-iphone\"><\/i>\t\t\t\t\t\t<\/span>\n\t\t\t\t\t\t\t\t\t\t<span class=\"elementor-icon-list-text\">+216 97 47 48 58<\/span>\n\t\t\t\t\t\t\t\t\t<\/li>\n\t\t\t\t\t\t\t\t<li class=\"elementor-icon-list-item elementor-inline-item\">\n\t\t\t\t\t\t\t\t\t\t\t<span class=\"elementor-icon-list-icon\">\n\t\t\t\t\t\t\t<i aria-hidden=\"true\" class=\"fas fa-envelope\"><\/i>\t\t\t\t\t\t<\/span>\n\t\t\t\t\t\t\t\t\t\t<span class=\"elementor-icon-list-text\">khalilseif920@gmail.com<\/span>\n\t\t\t\t\t\t\t\t\t<\/li>\n\t\t\t\t\t\t<\/ul>\n\t\t\t\t<\/div>\n\t\t\t\t<\/div>\n\t\t\t\t<div class=\"elementor-element elementor-element-30c0ded8 elementor-icon-list--layout-inline elementor-align-left aux-appear-watch-animation aux-fade-in elementor-list-item-link-full_width elementor-widget elementor-widget-icon-list\" data-id=\"30c0ded8\" data-element_type=\"widget\" data-widget_type=\"icon-list.default\">\n\t\t\t\t<div class=\"elementor-widget-container\">\n\t\t\t\t\t<ul class=\"elementor-icon-list-items elementor-inline-items\">\n\t\t\t\t\t\t\t<li class=\"elementor-icon-list-item elementor-inline-item\">\n\t\t\t\t\t\t\t\t\t\t\t<span class=\"elementor-icon-list-icon\">\n\t\t\t\t\t\t\t<i aria-hidden=\"true\" class=\"fas fa-map-marker-alt\"><\/i>\t\t\t\t\t\t<\/span>\n\t\t\t\t\t\t\t\t\t\t<span class=\"elementor-icon-list-text\">Avenue Farhat Hached Tajerouine 7150, Tunisie<\/span>\n\t\t\t\t\t\t\t\t\t<\/li>\n\t\t\t\t\t\t<\/ul>\n\t\t\t\t<\/div>\n\t\t\t\t<\/div>\n\t\t\t\t<div class=\"elementor-element elementor-element-17fa4418 aux-appear-watch-animation aux-fade-in elementor-widget elementor-widget-aux_modern_heading\" data-id=\"17fa4418\" data-element_type=\"widget\" data-widget_type=\"aux_modern_heading.default\">\n\t\t\t\t<div class=\"elementor-widget-container\">\n\t\t\t<section class=\"aux-widget-modern-heading\">\n            <div class=\"aux-widget-inner\"><h2 class=\"aux-modern-heading-primary\">A propos<\/h2><div class=\"aux-modern-heading-description\"><p>Fond\u00e9 par l\u2019artisane Warda Saidi, SAIDI KLIM est un atelier de production artisanale sp\u00e9cialis\u00e9 dans le tissage du Klim, tapis dont le savoir-faire est sp\u00e9cifique \u00e0 la r\u00e9gion du Kef et r\u00e9alis\u00e9 en pure laine.<\/p><p>Avec ses 37 ans d\u2019exp\u00e9rience, Warda Saidi offre \u00e0 voir des produits artisanaux d\u2019excellence qui allient le g\u00e9nie cr\u00e9atif de ses quarante tisserandes \u00e0 la magie des formes et des couleurs. Des pi\u00e8ces raffin\u00e9es, fruit d\u2019un savoir-faire ancestral h\u00e9rit\u00e9 de g\u00e9n\u00e9ration en g\u00e9n\u00e9ration, au cachet si typique de la r\u00e9gion.<\/p><\/div><\/div>\n        <\/section>\t\t<\/div>\n\t\t\t\t<\/div>\n\t\t\t\t\t\t<\/div>\n\t\t\t\t\t<\/div>\n\t\t<\/div>\n\t\t\t\t\t\t\t\t<\/div>\n\t\t\t\t\t<\/div>\n\t\t<\/section>\n\t\t\t\t<section class=\"elementor-section elementor-top-section elementor-element elementor-element-3d023b7 elementor-section-boxed elementor-section-height-default elementor-section-height-default\" data-id=\"3d023b7\" data-element_type=\"section\">\n\t\t\t\t\t\t<div class=\"elementor-container elementor-column-gap-default\">\n\t\t\t\t\t\t\t<div class=\"elementor-row\">\n\t\t\t\t\t<div class=\"aux-parallax-section elementor-column elementor-col-100 elementor-top-column elementor-element elementor-element-7cd28377\" data-id=\"7cd28377\" data-element_type=\"column\">\n\t\t\t<div class=\"elementor-column-wrap elementor-element-populated\">\n\t\t\t\t\t\t\t<div class=\"elementor-widget-wrap\">\n\t\t\t\t\t\t<div class=\"elementor-element elementor-element-4a393793 elementor-widget elementor-widget-aux_image\" data-id=\"4a393793\" data-element_type=\"widget\" data-widget_type=\"aux_image.default\">\n\t\t\t\t<div class=\"elementor-widget-container\">\n\t\t\t<section class=\"widget-container aux-widget-image aux-alignnone aux-parent-aue5e2ef78\" style=\"\" >\n    <div class=\"aux-media-hint-frame \">\n        <div class=\"aux-media-image aux-hover-active\" >\n                    <a class=\"\" href=\"http:\/\/clustermoknine.creativetunisia.tn\/wp-content\/uploads\/2021\/10\/Catalogue-Khemiss-Abdessalem.pdf\" data-elementor-open-lightbox=\"no\" data-original-width=\"1920\" data-original-height=\"1120\" data-caption=\"Saidi-Klim-cat\" target=\"_blank\"  >\n        \n            \n\n            \n            <img loading=\"lazy\" width=\"1920\" height=\"1120\" src=\"https:\/\/clusterkef.creativetunisia.tn\/wp-content\/uploads\/2022\/01\/Saidi-Klim-cat.jpg\" class=\"aux-attachment aux-featured-image aux-attachment-id-681\" alt=\"Saidi-Klim-cat\" data-ratio=\"1.71\" data-original-w=\"1920\" \/>            \n                    <\/a>\n                <\/div>\n    <\/div>\n\n<\/section><!-- widget-container -->\t\t<\/div>\n\t\t\t\t<\/div>\n\t\t\t\t<div class=\"elementor-element elementor-element-3d0741c8 elementor-widget elementor-widget-aux_modern_heading\" data-id=\"3d0741c8\" data-element_type=\"widget\" data-widget_type=\"aux_modern_heading.default\">\n\t\t\t\t<div class=\"elementor-widget-container\">\n\t\t\t<section class=\"aux-widget-modern-heading\">\n            <div class=\"aux-widget-inner\"><h3 class=\"aux-modern-heading-primary\">Catalogue Saidi Kilim<\/h3><\/div>\n        <\/section>\t\t<\/div>\n\t\t\t\t<\/div>\n\t\t\t\t<div class=\"elementor-element elementor-element-6488bcdc aux-appear-watch-animation aux-fade-in-up-1 elementor-widget elementor-widget-aux_button\" data-id=\"6488bcdc\" data-element_type=\"widget\" data-widget_type=\"aux_button.default\">\n\t\t\t\t<div class=\"elementor-widget-container\">\n\t\t\t<a  href=\"http:\/\/clusterkef.creativetunisia.tn\/wp-content\/uploads\/2022\/01\/Catalogue-Saidi-Klim.pdf\" target=\"_blank\"   class=\"aux-button aux-medium aux-pastel-orange aux-curve aux-none aux-uppercase\" ><span class=\"aux-overlay\"><\/span><span class=\"aux-text\">T\u00e9l\u00e9charger le catalogue<\/span><\/a>\t\t<\/div>\n\t\t\t\t<\/div>\n\t\t\t\t\t\t<\/div>\n\t\t\t\t\t<\/div>\n\t\t<\/div>\n\t\t\t\t\t\t\t\t<\/div>\n\t\t\t\t\t<\/div>\n\t\t<\/section>\n\t\t\t\t\t\t<\/div>\n\t\t\t\t\t\t<\/div>\n\t\t\t\t\t<\/div>\n\t\t","protected":false},"excerpt":{"rendered":"<p>Warda Saidi Saidi Kilim Klim Keffois +216 97 47 48 58 khalilseif920@gmail.com Avenue Farhat Hached Tajerouine 7150, Tunisie A propos Fond\u00e9 par l\u2019artisane Warda Saidi, SAIDI KLIM est un atelier de production artisanale sp\u00e9cialis\u00e9 dans le tissage du Klim, tapis dont le savoir-faire est sp\u00e9cifique \u00e0 la r\u00e9gion du Kef et r\u00e9alis\u00e9 en pure laine. [&hellip;]<\/p>\n","protected":false},"author":1,"featured_media":0,"parent":0,"menu_order":0,"comment_status":"closed","ping_status":"closed","template":"","meta":[],"_links":{"self":[{"href":"https:\/\/clusterkef.creativetunisia.tn\/index.php\/wp-json\/wp\/v2\/pages\/677"}],"collection":[{"href":"https:\/\/clusterkef.creativetunisia.tn\/index.php\/wp-json\/wp\/v2\/pages"}],"about":[{"href":"https:\/\/clusterkef.creativetunisia.tn\/index.php\/wp-json\/wp\/v2\/types\/page"}],"author":[{"embeddable":true,"href":"https:\/\/clusterkef.creativetunisia.tn\/index.php\/wp-json\/wp\/v2\/users\/1"}],"replies":[{"embeddable":true,"href":"https:\/\/clusterkef.creativetunisia.tn\/index.php\/wp-json\/wp\/v2\/comments?post=677"}],"version-history":[{"count":6,"href":"https:\/\/clusterkef.creativetunisia.tn\/index.php\/wp-json\/wp\/v2\/pages\/677\/revisions"}],"predecessor-version":[{"id":688,"href":"https:\/\/clusterkef.creativetunisia.tn\/index.php\/wp-json\/wp\/v2\/pages\/677\/revisions\/688"}],"wp:attachment":[{"href":"https:\/\/clusterkef.creativetunisia.tn\/index.php\/wp-json\/wp\/v2\/media?parent=677"}],"curies":[{"name":"wp","href":"https:\/\/api.w.org\/{rel}","templated":true}]}}